{"id":3261,"date":"2024-12-23T10:27:47","date_gmt":"2024-12-23T09:27:47","guid":{"rendered":"https:\/\/fadianaturo.com\/?page_id=3261"},"modified":"2024-12-23T10:38:39","modified_gmt":"2024-12-23T09:38:39","slug":"mentions-legales","status":"publish","type":"page","link":"https:\/\/fadianaturo.com\/index.php\/mentions-legales\/","title":{"rendered":"Mentions L\u00e9gales"},"content":{"rendered":"\t\t<div data-elementor-type=\"wp-page\" data-elementor-id=\"3261\" class=\"elementor elementor-3261\">\n\t\t\t\t<div class=\"elementor-element elementor-element-323182ca e-flex e-con-boxed e-con e-parent\" data-id=\"323182ca\" data-element_type=\"container\" data-e-type=\"container\">\n\t\t\t\t\t<div class=\"e-con-inner\">\n\t\t\t\t<div class=\"elementor-element elementor-element-1b68e35 elementor-widget elementor-widget-text-editor\" data-id=\"1b68e35\" data-element_type=\"widget\" data-e-type=\"widget\" data-widget_type=\"text-editor.default\">\n\t\t\t\t<div class=\"elementor-widget-container\">\n\t\t\t\t\t\t\t\t\t\n<p><\/p>\n\n\n\n<h3 class=\"wp-block-heading\">1. \u00c9diteur du Site<\/h3>\n\n\n\n<p>Le site Fadia naturopathe https:\/\/fadianaturo.com est \u00e9dit\u00e9 par :<br><strong>Nom de l\u2019entreprise<\/strong> : Am\u00e9lie Didio<br><strong>Statut juridique<\/strong> : micro-entreprise<br><strong>Si\u00e8ge social<\/strong> : 30 la grande rue, 76450, St martin aux buneaux<br><strong>Num\u00e9ro SIRET<\/strong> : 98398991400012<br><strong>Contact<\/strong> : amelie.didio.pro@gmail.com \u2013 0608692685<\/p>\n\n\n\n<h3 class=\"wp-block-heading\">2. H\u00e9bergeur<\/h3>\n\n\n\n<p>Le site est h\u00e9berg\u00e9 par :<br><strong>Nom de l\u2019h\u00e9bergeur<\/strong> : OVHcloud<br><strong>Adresse<\/strong> : 2 rue Kellermann, 59100 Roubaix, France<br><strong>Contact<\/strong> : +33 9 72 10 10 07<\/p>\n\n\n\n<h3 class=\"wp-block-heading\">3. Propri\u00e9t\u00e9 intellectuelle<\/h3>\n\n\n\n<p>L\u2019ensemble des contenus pr\u00e9sents sur ce site (textes, images, graphismes, logos, vid\u00e9os, \u00e9l\u00e9ments de design, etc.) est prot\u00e9g\u00e9 par les lois en vigueur sur la propri\u00e9t\u00e9 intellectuelle.<br>Toute reproduction, repr\u00e9sentation, modification, publication ou adaptation des \u00e9l\u00e9ments du site, quel que soit le moyen ou le proc\u00e9d\u00e9 utilis\u00e9, est interdite, sauf autorisation \u00e9crite pr\u00e9alable.<\/p>\n\n\n\n<h3 class=\"wp-block-heading\">4. Protection des donn\u00e9es personnelles<\/h3>\n\n\n\n<p>Conform\u00e9ment au R\u00e8glement G\u00e9n\u00e9ral sur la Protection des Donn\u00e9es (RGPD) et \u00e0 la loi Informatique et Libert\u00e9s, les utilisateurs disposent d\u2019un droit d\u2019acc\u00e8s, de rectification, de suppression, et de portabilit\u00e9 des donn\u00e9es les concernant.<\/p>\n\n\n\n<h3 class=\"wp-block-heading\">5. Cookies<\/h3>\n\n\n\n<p>Le site utilise des cookies pour am\u00e9liorer la navigation et r\u00e9aliser des statistiques d\u2019audience.<br>Vous pouvez configurer votre navigateur pour accepter ou refuser les cookies \u00e0 tout moment. Pour en savoir plus, consultez notre Politique de gestion des cookies.<\/p>\n\n\n\n<h3 class=\"wp-block-heading\">6. Responsabilit\u00e9<\/h3>\n\n\n\n[L\u2019\u00e9diteur] ne pourra \u00eatre tenu pour responsable des dommages directs ou indirects caus\u00e9s au mat\u00e9riel de l\u2019utilisateur lors de l\u2019acc\u00e8s au site, ou de tout autre dommage cons\u00e9cutif \u00e0 l\u2019utilisation du site.<\/p>\n\n\n\n[L\u2019\u00e9diteur] d\u00e9cline \u00e9galement toute responsabilit\u00e9 quant \u00e0 l\u2019utilisation des informations pr\u00e9sent\u00e9es sur ce site.<\/p>\n\n\n\n<h3 class=\"wp-block-heading\">7. Litiges<\/h3>\n\n\n\n<p>Tout litige relatif \u00e0 l\u2019utilisation du site est soumis au droit fran\u00e7ais. En cas de contestation, les tribunaux fran\u00e7ais seront seuls comp\u00e9tents.<\/p>\n\n\n\n<hr class=\"wp-block-separator has-alpha-channel-opacity\"\/>\n\n\n\n<p><strong>Mise \u00e0 jour :<\/strong> 23 d\u00e9cembre 2024.<\/p>\n\t\t\t\t\t\t\t\t<\/div>\n\t\t\t\t<\/div>\n\t\t\t\t\t<\/div>\n\t\t\t\t<\/div>\n\t\t\t\t<\/div>\n\t\t","protected":false},"excerpt":{"rendered":"<p>1. \u00c9diteur du Site Le site Fadia naturopathe https:\/\/fadianaturo.com est \u00e9dit\u00e9 par :Nom de l\u2019entreprise : Am\u00e9lie DidioStatut juridique : micro-entrepriseSi\u00e8ge social : 30 la grande rue, 76450, St martin aux buneauxNum\u00e9ro SIRET : 98398991400012Contact : amelie.didio.pro@gmail.com \u2013 0608692685 2. H\u00e9bergeur Le site est h\u00e9berg\u00e9 par :Nom de l\u2019h\u00e9bergeur : OVHcloudAdresse : 2 rue Kellermann, [&hellip;]<\/p>\n","protected":false},"author":1,"featured_media":0,"parent":0,"menu_order":0,"comment_status":"closed","ping_status":"closed","template":"template-no-page-header.php","meta":{"footnotes":""},"class_list":["post-3261","page","type-page","status-publish","hentry"],"yoast_head":"<!-- This site is optimized with the Yoast SEO plugin v25.2 - https:\/\/yoast.com\/wordpress\/plugins\/seo\/ -->\n<title>Mentions L\u00e9gales - Fadia Naturopathe<\/title>\n<meta name=\"robots\" content=\"index, follow, max-snippet:-1, max-image-preview:large, max-video-preview:-1\" \/>\n<link rel=\"canonical\" href=\"https:\/\/fadianaturo.com\/index.php\/mentions-legales\/\" \/>\n<meta property=\"og:locale\" content=\"fr_FR\" \/>\n<meta property=\"og:type\" content=\"article\" \/>\n<meta property=\"og:title\" content=\"Mentions L\u00e9gales - Fadia Naturopathe\" \/>\n<meta property=\"og:description\" content=\"1. \u00c9diteur du Site Le site Fadia naturopathe https:\/\/fadianaturo.com est \u00e9dit\u00e9 par :Nom de l\u2019entreprise : Am\u00e9lie DidioStatut juridique : micro-entrepriseSi\u00e8ge social : 30 la grande rue, 76450, St martin aux buneauxNum\u00e9ro SIRET : 98398991400012Contact : amelie.didio.pro@gmail.com \u2013 0608692685 2. H\u00e9bergeur Le site est h\u00e9berg\u00e9 par :Nom de l\u2019h\u00e9bergeur : OVHcloudAdresse : 2 rue Kellermann, [&hellip;]\" \/>\n<meta property=\"og:url\" content=\"https:\/\/fadianaturo.com\/index.php\/mentions-legales\/\" \/>\n<meta property=\"og:site_name\" content=\"Fadia Naturopathe\" \/>\n<meta property=\"article:modified_time\" content=\"2024-12-23T09:38:39+00:00\" \/>\n<meta name=\"twitter:card\" content=\"summary_large_image\" \/>\n<meta name=\"twitter:label1\" content=\"Dur\u00e9e de lecture estim\u00e9e\" \/>\n\t<meta name=\"twitter:data1\" content=\"2 minutes\" \/>\n<script type=\"application\/ld+json\" class=\"yoast-schema-graph\">{\"@context\":\"https:\/\/schema.org\",\"@graph\":[{\"@type\":\"WebPage\",\"@id\":\"https:\/\/fadianaturo.com\/index.php\/mentions-legales\/\",\"url\":\"https:\/\/fadianaturo.com\/index.php\/mentions-legales\/\",\"name\":\"Mentions L\u00e9gales - Fadia Naturopathe\",\"isPartOf\":{\"@id\":\"https:\/\/fadianaturo.com\/#website\"},\"datePublished\":\"2024-12-23T09:27:47+00:00\",\"dateModified\":\"2024-12-23T09:38:39+00:00\",\"breadcrumb\":{\"@id\":\"https:\/\/fadianaturo.com\/index.php\/mentions-legales\/#breadcrumb\"},\"inLanguage\":\"fr-FR\",\"potentialAction\":[{\"@type\":\"ReadAction\",\"target\":[\"https:\/\/fadianaturo.com\/index.php\/mentions-legales\/\"]}]},{\"@type\":\"BreadcrumbList\",\"@id\":\"https:\/\/fadianaturo.com\/index.php\/mentions-legales\/#breadcrumb\",\"itemListElement\":[{\"@type\":\"ListItem\",\"position\":1,\"name\":\"Home\",\"item\":\"https:\/\/fadianaturo.com\/\"},{\"@type\":\"ListItem\",\"position\":2,\"name\":\"Mentions L\u00e9gales\"}]},{\"@type\":\"WebSite\",\"@id\":\"https:\/\/fadianaturo.com\/#website\",\"url\":\"https:\/\/fadianaturo.com\/\",\"name\":\"Fadia Naturopathe\",\"description\":\"Fadia, Naturopathe sur Paris\",\"publisher\":{\"@id\":\"https:\/\/fadianaturo.com\/#\/schema\/person\/fe0999b998500be5f4e40dcc30d7477d\"},\"potentialAction\":[{\"@type\":\"SearchAction\",\"target\":{\"@type\":\"EntryPoint\",\"urlTemplate\":\"https:\/\/fadianaturo.com\/?s={search_term_string}\"},\"query-input\":{\"@type\":\"PropertyValueSpecification\",\"valueRequired\":true,\"valueName\":\"search_term_string\"}}],\"inLanguage\":\"fr-FR\"},{\"@type\":[\"Person\",\"Organization\"],\"@id\":\"https:\/\/fadianaturo.com\/#\/schema\/person\/fe0999b998500be5f4e40dcc30d7477d\",\"name\":\"admin6379\",\"image\":{\"@type\":\"ImageObject\",\"inLanguage\":\"fr-FR\",\"@id\":\"https:\/\/fadianaturo.com\/#\/schema\/person\/image\/\",\"url\":\"https:\/\/fadianaturo.com\/wp-content\/uploads\/2024\/10\/cropped-cropped-Fadia-naturopathe-logo.png\",\"contentUrl\":\"https:\/\/fadianaturo.com\/wp-content\/uploads\/2024\/10\/cropped-cropped-Fadia-naturopathe-logo.png\",\"width\":153,\"height\":176,\"caption\":\"admin6379\"},\"logo\":{\"@id\":\"https:\/\/fadianaturo.com\/#\/schema\/person\/image\/\"},\"sameAs\":[\"http:\/\/fadianaturo.com\"]}]}<\/script>\n<!-- \/ Yoast SEO plugin. -->","yoast_head_json":{"title":"Mentions L\u00e9gales - Fadia Naturopathe","robots":{"index":"index","follow":"follow","max-snippet":"max-snippet:-1","max-image-preview":"max-image-preview:large","max-video-preview":"max-video-preview:-1"},"canonical":"https:\/\/fadianaturo.com\/index.php\/mentions-legales\/","og_locale":"fr_FR","og_type":"article","og_title":"Mentions L\u00e9gales - Fadia Naturopathe","og_description":"1. \u00c9diteur du Site Le site Fadia naturopathe https:\/\/fadianaturo.com est \u00e9dit\u00e9 par :Nom de l\u2019entreprise : Am\u00e9lie DidioStatut juridique : micro-entrepriseSi\u00e8ge social : 30 la grande rue, 76450, St martin aux buneauxNum\u00e9ro SIRET : 98398991400012Contact : amelie.didio.pro@gmail.com \u2013 0608692685 2. H\u00e9bergeur Le site est h\u00e9berg\u00e9 par :Nom de l\u2019h\u00e9bergeur : OVHcloudAdresse : 2 rue Kellermann, [&hellip;]","og_url":"https:\/\/fadianaturo.com\/index.php\/mentions-legales\/","og_site_name":"Fadia Naturopathe","article_modified_time":"2024-12-23T09:38:39+00:00","twitter_card":"summary_large_image","twitter_misc":{"Dur\u00e9e de lecture estim\u00e9e":"2 minutes"},"schema":{"@context":"https:\/\/schema.org","@graph":[{"@type":"WebPage","@id":"https:\/\/fadianaturo.com\/index.php\/mentions-legales\/","url":"https:\/\/fadianaturo.com\/index.php\/mentions-legales\/","name":"Mentions L\u00e9gales - Fadia Naturopathe","isPartOf":{"@id":"https:\/\/fadianaturo.com\/#website"},"datePublished":"2024-12-23T09:27:47+00:00","dateModified":"2024-12-23T09:38:39+00:00","breadcrumb":{"@id":"https:\/\/fadianaturo.com\/index.php\/mentions-legales\/#breadcrumb"},"inLanguage":"fr-FR","potentialAction":[{"@type":"ReadAction","target":["https:\/\/fadianaturo.com\/index.php\/mentions-legales\/"]}]},{"@type":"BreadcrumbList","@id":"https:\/\/fadianaturo.com\/index.php\/mentions-legales\/#breadcrumb","itemListElement":[{"@type":"ListItem","position":1,"name":"Home","item":"https:\/\/fadianaturo.com\/"},{"@type":"ListItem","position":2,"name":"Mentions L\u00e9gales"}]},{"@type":"WebSite","@id":"https:\/\/fadianaturo.com\/#website","url":"https:\/\/fadianaturo.com\/","name":"Fadia Naturopathe","description":"Fadia, Naturopathe sur Paris","publisher":{"@id":"https:\/\/fadianaturo.com\/#\/schema\/person\/fe0999b998500be5f4e40dcc30d7477d"},"potentialAction":[{"@type":"SearchAction","target":{"@type":"EntryPoint","urlTemplate":"https:\/\/fadianaturo.com\/?s={search_term_string}"},"query-input":{"@type":"PropertyValueSpecification","valueRequired":true,"valueName":"search_term_string"}}],"inLanguage":"fr-FR"},{"@type":["Person","Organization"],"@id":"https:\/\/fadianaturo.com\/#\/schema\/person\/fe0999b998500be5f4e40dcc30d7477d","name":"admin6379","image":{"@type":"ImageObject","inLanguage":"fr-FR","@id":"https:\/\/fadianaturo.com\/#\/schema\/person\/image\/","url":"https:\/\/fadianaturo.com\/wp-content\/uploads\/2024\/10\/cropped-cropped-Fadia-naturopathe-logo.png","contentUrl":"https:\/\/fadianaturo.com\/wp-content\/uploads\/2024\/10\/cropped-cropped-Fadia-naturopathe-logo.png","width":153,"height":176,"caption":"admin6379"},"logo":{"@id":"https:\/\/fadianaturo.com\/#\/schema\/person\/image\/"},"sameAs":["http:\/\/fadianaturo.com"]}]}},"_links":{"self":[{"href":"https:\/\/fadianaturo.com\/index.php\/wp-json\/wp\/v2\/pages\/3261","targetHints":{"allow":["GET"]}}],"collection":[{"href":"https:\/\/fadianaturo.com\/index.php\/wp-json\/wp\/v2\/pages"}],"about":[{"href":"https:\/\/fadianaturo.com\/index.php\/wp-json\/wp\/v2\/types\/page"}],"author":[{"embeddable":true,"href":"https:\/\/fadianaturo.com\/index.php\/wp-json\/wp\/v2\/users\/1"}],"replies":[{"embeddable":true,"href":"https:\/\/fadianaturo.com\/index.php\/wp-json\/wp\/v2\/comments?post=3261"}],"version-history":[{"count":7,"href":"https:\/\/fadianaturo.com\/index.php\/wp-json\/wp\/v2\/pages\/3261\/revisions"}],"predecessor-version":[{"id":3284,"href":"https:\/\/fadianaturo.com\/index.php\/wp-json\/wp\/v2\/pages\/3261\/revisions\/3284"}],"wp:attachment":[{"href":"https:\/\/fadianaturo.com\/index.php\/wp-json\/wp\/v2\/media?parent=3261"}],"curies":[{"name":"wp","href":"https:\/\/api.w.org\/{rel}","templated":true}]}}